




{"id":8,"date":"2025-06-26T14:37:30","date_gmt":"2025-06-26T14:37:30","guid":{"rendered":"https:\/\/www.premiospym.net\/?page_id=8"},"modified":"2025-09-25T19:03:15","modified_gmt":"2025-09-25T19:03:15","slug":"inicio","status":"publish","type":"page","link":"https:\/\/www.premiospym.net\/","title":{"rendered":"Inicio"},"content":{"rendered":"\n<div class=\"wp-block-cover alignfull\" style=\"border-radius:0px;margin-top:0;margin-bottom:0;padding-top:0;padding-bottom:0;min-height:795px;aspect-ratio:unset;\"><img loading=\"lazy\" decoding=\"async\" width=\"769\" height=\"1024\" class=\"wp-block-cover__image-background wp-image-277 size-large\" alt=\"\" src=\"https:\/\/www.premiospym.net\/wp-content\/uploads\/2025\/07\/fondo_premios-769x1024.jpg\" data-object-fit=\"cover\" srcset=\"https:\/\/www.premiospym.net\/wp-content\/uploads\/2025\/07\/fondo_premios-769x1024.jpg 769w, https:\/\/www.premiospym.net\/wp-content\/uploads\/2025\/07\/fondo_premios-225x300.jpg 225w, https:\/\/www.premiospym.net\/wp-content\/uploads\/2025\/07\/fondo_premios-768x1023.jpg 768w, https:\/\/www.premiospym.net\/wp-content\/uploads\/2025\/07\/fondo_premios-1153x1536.jpg 1153w, https:\/\/www.premiospym.net\/wp-content\/uploads\/2025\/07\/fondo_premios-1537x2048.jpg 1537w, https:\/\/www.premiospym.net\/wp-content\/uploads\/2025\/07\/fondo_premios-scaled.jpg 1922w\" sizes=\"auto, (max-width: 769px) 100vw, 769px\" \/><span aria-hidden=\"true\" class=\"wp-block-cover__background has-background-dim wp-block-cover__gradient-background has-background-gradient\" style=\"background:linear-gradient(35deg,rgb(24,31,48) 4%,rgb(38,53,81) 60%,rgb(38,53,81) 100%)\"><\/span><div class=\"wp-block-cover__inner-container is-layout-flow wp-container-core-cover-is-layout-4fa898ef wp-block-cover-is-layout-flow\">\n<h2 class=\"wp-block-heading has-text-align-center has-ast-global-color-4-color has-text-color has-link-color wp-elements-f3905c7fc02e74d8287eba00be1c1d2b\" style=\"margin-top:var(--wp--preset--spacing--30);margin-bottom:var(--wp--preset--spacing--50);font-size:35px\">El proceso de postulaci\u00f3n ha sido cerrado<\/h2>\n\n\n\n<div class=\"inherit-container-width wp-block-group alignwide is-layout-constrained wp-block-group-is-layout-constrained\">\n<h2 class=\"wp-block-heading has-text-align-center has-text-color has-link-color wp-elements-4acd40d7ae224ed52dbbfa55e3a2332a\" style=\"color:#e1cf79\">PREMIOS P&amp;M 2025<br>\u00a125 a\u00f1os celebrando lo mejor de la publicidad venezolana!<\/h2>\n<\/div>\n\n\n\n<p class=\"has-text-align-center has-text-color has-link-color wp-elements-7cc798c0549406f5199ac143ebbe57b5\" style=\"border-style:none;border-width:0px;color:#b6c0d0;margin-top:var(--wp--preset--spacing--40);margin-right:0px;margin-bottom:var(--wp--preset--spacing--40);margin-left:0px;font-size:15px\">Los Premios P&amp;M llegan a su vig\u00e9sima quinta edici\u00f3n, consolid\u00e1ndose como el<br>reconocimiento m\u00e1s importante para la industria publicitaria de Venezuela. A\u00f1o tras a\u00f1o, estos<br>galardones destacan el talento, la creatividad y la innovaci\u00f3n de quienes hacen posible que las<br>ideas cobren vida en los medios, las campa\u00f1as, las empresas y los profesionales m\u00e1s destacados<br>del pa\u00eds.<\/p>\n\n\n\n<p class=\"has-text-align-center has-text-color has-link-color wp-elements-a26d9ba91246261624b43ce74b39ed4b\" style=\"border-style:none;border-width:0px;color:#e1cf79;margin-top:var(--wp--preset--spacing--40);margin-right:0px;margin-bottom:var(--wp--preset--spacing--40);margin-left:0px;font-size:15px\">En esta edici\u00f3n, la revista P&amp;M&nbsp;de nuevo otorga, de manera directa y exclusiva, el&nbsp;<strong>Premio Platinum,<\/strong>&nbsp;un reconocimiento extraordinario <br>que distingue al personaje m\u00e1s destacado de la industria publicitaria. Este galard\u00f3n honra su trayectoria, evoluci\u00f3n <br>profesional y los a\u00f1os de dedicaci\u00f3n y compromiso que han consolidado su legado en el sector.<\/p>\n\n\n\n<div class=\"wp-block-buttons is-content-justification-center is-layout-flex wp-container-core-buttons-is-layout-a89b3969 wp-block-buttons-is-layout-flex\">\n<div class=\"wp-block-button is-style-fill\"><a class=\"wp-block-button__link has-background has-text-align-center wp-element-button\" href=\"https:\/\/www.premiospym.net\/index.php\/registro-de-postulados\/\" style=\"background-color:#e1cf79\">Post\u00falate Aqu\u00ed<\/a><\/div>\n<\/div>\n<\/div><\/div>\n\n\n\n<div class=\"wp-block-group alignfull has-background is-layout-constrained wp-block-group-is-layout-constrained\" id=\"about\" style=\"background-color:#f8f8f8;padding-top:105px;padding-bottom:0px\">\n<div class=\"wp-block-media-text has-media-on-the-right is-stacked-on-mobile is-vertically-aligned-top\"><div class=\"wp-block-media-text__content\">\n<div class=\"inherit-container-width wp-block-group is-layout-constrained wp-container-core-group-is-layout-47ce07ec wp-block-group-is-layout-constrained\" style=\"padding-right:80px\">\n<h2 class=\"wp-block-heading\" style=\"padding-right:40px;font-size:35px;font-style:normal;font-weight:900\"><strong>Lo mejor:<\/strong><\/h2>\n\n\n\n<p class=\"has-text-align-left\">La postulaci\u00f3n es completamente gratuita y, en esta edici\u00f3n especial, \u00a1todo el proceso se realiza de forma digital a trav\u00e9s de la web premiopym.net! As\u00ed, participar y ser parte de la historia de la publicidad venezolana nunca fue tan f\u00e1cil.<\/p>\n\n\n\n<h3 class=\"wp-block-heading\" style=\"font-size:35px\"><strong>\u00bfC\u00f3mo postularte?<\/strong><\/h3>\n<\/div>\n\n\n\n<ul class=\"wp-block-list\">\n<li>Presiona el boton post\u00falate y crea tu cuenta.<\/li>\n\n\n\n<li>Ingresa a tu sesi\u00f3n y llena el formulario de postulaci\u00f3n<br>(Recuerda subir tu imagen)<\/li>\n\n\n\n<li>Una vez enviada tu postulaci\u00f3n estar\u00e1s participando.<\/li>\n<\/ul>\n<\/div><figure class=\"wp-block-media-text__media\"><img loading=\"lazy\" decoding=\"async\" width=\"1024\" height=\"905\" src=\"https:\/\/www.premiospym.net\/wp-content\/uploads\/2025\/07\/imagen_postulacion6-01-1024x905.png\" alt=\"\" class=\"wp-image-358 size-full\" srcset=\"https:\/\/www.premiospym.net\/wp-content\/uploads\/2025\/07\/imagen_postulacion6-01-1024x905.png 1024w, https:\/\/www.premiospym.net\/wp-content\/uploads\/2025\/07\/imagen_postulacion6-01-300x265.png 300w, https:\/\/www.premiospym.net\/wp-content\/uploads\/2025\/07\/imagen_postulacion6-01-768x679.png 768w, https:\/\/www.premiospym.net\/wp-content\/uploads\/2025\/07\/imagen_postulacion6-01.png 1492w\" sizes=\"auto, (max-width: 1024px) 100vw, 1024px\" \/><\/figure><\/div>\n<\/div>\n\n\n\n<div class=\"wp-block-group alignfull has-ast-global-color-5-background-color has-background is-layout-constrained wp-container-core-group-is-layout-276658a9 wp-block-group-is-layout-constrained\" style=\"padding-top:0px;padding-bottom:50px\">\n<h2 class=\"wp-block-heading has-text-align-left\" style=\"margin-top:0px;margin-bottom:63px;font-size:35px\">Conoce las Categor\u00edas a Postular:<\/h2>\n\n\n\n<div class=\"wp-block-columns are-vertically-aligned-top is-layout-flex wp-container-core-columns-is-layout-00723822 wp-block-columns-is-layout-flex\">\n<div class=\"wp-block-column is-vertically-aligned-top is-layout-flow wp-container-core-column-is-layout-6b73ce23 wp-block-column-is-layout-flow\">\n<figure class=\"wp-block-image size-full is-resized\"><img loading=\"lazy\" decoding=\"async\" width=\"284\" height=\"284\" src=\"https:\/\/www.premiospym.net\/wp-content\/uploads\/2025\/07\/iconos-02.png\" alt=\"\" class=\"wp-image-690\" style=\"width:80px;height:auto\" srcset=\"https:\/\/www.premiospym.net\/wp-content\/uploads\/2025\/07\/iconos-02.png 284w, https:\/\/www.premiospym.net\/wp-content\/uploads\/2025\/07\/iconos-02-150x150.png 150w\" sizes=\"auto, (max-width: 284px) 100vw, 284px\" \/><\/figure>\n\n\n\n<h3 class=\"wp-block-heading has-text-align-left\" style=\"margin-top:16px\">Medios<\/h3>\n\n\n\n<p class=\"has-text-align-left\">Premia a los canales, emisoras y plataformas que han marcado&#8230;<\/p>\n\n\n\n<div class=\"wp-block-buttons is-layout-flex wp-block-buttons-is-layout-flex\">\n<div class=\"wp-block-button\" id=\"<a-class=&quot;button&quot;-href=&quot;\/info-piso-abajo-categorias-profesional&quot;&gt;Leer-m\u00e1s<\/a&gt;\"><a class=\"wp-block-button__link wp-element-button\" href=\"https:\/\/www.premiospym.net\/index.php\/info_categorias\/#medios\">Leer m\u00e1s<\/a><\/div>\n<\/div>\n<\/div>\n\n\n\n<div class=\"wp-block-column is-vertically-aligned-top is-layout-flow wp-container-core-column-is-layout-6b73ce23 wp-block-column-is-layout-flow\">\n<figure class=\"wp-block-image size-full is-resized\"><img loading=\"lazy\" decoding=\"async\" width=\"284\" height=\"284\" src=\"https:\/\/www.premiospym.net\/wp-content\/uploads\/2025\/07\/iconos-03.png\" alt=\"\" class=\"wp-image-693\" style=\"width:80px\" srcset=\"https:\/\/www.premiospym.net\/wp-content\/uploads\/2025\/07\/iconos-03.png 284w, https:\/\/www.premiospym.net\/wp-content\/uploads\/2025\/07\/iconos-03-150x150.png 150w\" sizes=\"auto, (max-width: 284px) 100vw, 284px\" \/><\/figure>\n\n\n\n<h3 class=\"wp-block-heading has-text-align-left\" style=\"margin-top:16px\">Campa\u00f1as<\/h3>\n\n\n\n<p class=\"has-text-align-left\">Esta categor\u00eda celebra las campa\u00f1as m\u00e1s creativas y efectivas en distintos&#8230;<\/p>\n\n\n\n<div class=\"wp-block-buttons is-layout-flex wp-block-buttons-is-layout-flex\">\n<div class=\"wp-block-button\"><a class=\"wp-block-button__link wp-element-button\" href=\"https:\/\/www.premiospym.net\/index.php\/info_categorias\/#campanas\">Leer m\u00e1s<\/a><\/div>\n<\/div>\n<\/div>\n\n\n\n<div class=\"wp-block-column is-vertically-aligned-top is-layout-flow wp-container-core-column-is-layout-6b73ce23 wp-block-column-is-layout-flow\">\n<figure class=\"wp-block-image size-full is-resized\"><img loading=\"lazy\" decoding=\"async\" width=\"284\" height=\"284\" src=\"https:\/\/www.premiospym.net\/wp-content\/uploads\/2025\/07\/iconos-01.png\" alt=\"\" class=\"wp-image-694\" style=\"width:80px\" srcset=\"https:\/\/www.premiospym.net\/wp-content\/uploads\/2025\/07\/iconos-01.png 284w, https:\/\/www.premiospym.net\/wp-content\/uploads\/2025\/07\/iconos-01-150x150.png 150w\" sizes=\"auto, (max-width: 284px) 100vw, 284px\" \/><\/figure>\n\n\n\n<h3 class=\"wp-block-heading has-text-align-left\" style=\"margin-top:16px\">Profesional del a\u00f1o<\/h3>\n\n\n\n<p class=\"has-text-align-left\">Reconoce a los talentos individuales que han dejado huella en la industria&#8230;<\/p>\n\n\n\n<div class=\"wp-block-buttons is-layout-flex wp-block-buttons-is-layout-flex\">\n<div class=\"wp-block-button\"><a class=\"wp-block-button__link wp-element-button\" href=\"https:\/\/www.premiospym.net\/index.php\/info_categorias\/#profesional\">Leer m\u00e1s<\/a><\/div>\n<\/div>\n<\/div>\n\n\n\n<div class=\"wp-block-column is-vertically-aligned-top is-layout-flow wp-container-core-column-is-layout-6b73ce23 wp-block-column-is-layout-flow\">\n<figure class=\"wp-block-image size-full is-resized\"><img loading=\"lazy\" decoding=\"async\" width=\"284\" height=\"284\" src=\"https:\/\/www.premiospym.net\/wp-content\/uploads\/2025\/07\/iconos-04.png\" alt=\"\" class=\"wp-image-696\" style=\"width:80px\" srcset=\"https:\/\/www.premiospym.net\/wp-content\/uploads\/2025\/07\/iconos-04.png 284w, https:\/\/www.premiospym.net\/wp-content\/uploads\/2025\/07\/iconos-04-150x150.png 150w\" sizes=\"auto, (max-width: 284px) 100vw, 284px\" \/><\/figure>\n\n\n\n<h3 class=\"wp-block-heading has-text-align-left\" style=\"margin-top:16px\">Empresas<\/h3>\n\n\n\n<p class=\"has-text-align-left\">Premia a las organizaciones que han elevado los est\u00e1ndares de la industria&#8230;<\/p>\n\n\n\n<div class=\"wp-block-buttons is-layout-flex wp-block-buttons-is-layout-flex\">\n<div class=\"wp-block-button\"><a class=\"wp-block-button__link wp-element-button\" href=\"https:\/\/www.premiospym.net\/index.php\/info_categorias\/#empresas\">Leer m\u00e1s<\/a><\/div>\n<\/div>\n<\/div>\n<\/div>\n\n\n\n<div class=\"wp-block-columns is-layout-flex wp-container-core-columns-is-layout-28f84493 wp-block-columns-is-layout-flex\">\n<div class=\"wp-block-column is-layout-flow wp-block-column-is-layout-flow\" style=\"padding-top:var(--wp--preset--spacing--40);padding-bottom:var(--wp--preset--spacing--40);flex-basis:0\"><\/div>\n<\/div>\n<\/div>\n","protected":false},"excerpt":{"rendered":"<p>Lo mejor: La postulaci\u00f3n es completamente gratuita y, en esta edici\u00f3n especial, \u00a1todo el proceso se realiza de forma digital [&hellip;]<\/p>\n","protected":false},"author":1,"featured_media":0,"parent":0,"menu_order":0,"comment_status":"closed","ping_status":"closed","template":"","meta":{"site-sidebar-layout":"no-sidebar","site-content-layout":"plain-container","ast-site-content-layout":"default","site-content-style":"default","site-sidebar-style":"default","ast-global-header-display":"","ast-banner-title-visibility":"","ast-main-header-display":"","ast-hfb-above-header-display":"","ast-hfb-below-header-display":"","ast-hfb-mobile-header-display":"","site-post-title":"disabled","ast-breadcrumbs-content":"","ast-featured-img":"","footer-sml-layout":"","theme-transparent-header-meta":"enabled","adv-header-id-meta":"","stick-header-meta":"","header-above-stick-meta":"","header-main-stick-meta":"","header-below-stick-meta":"","astra-migrate-meta-layouts":"default","ast-page-background-enabled":"default","ast-page-background-meta":{"desktop":{"background-color":"var(--ast-global-color-5)","background-image":"","background-repeat":"repeat","background-position":"center center","background-size":"auto","background-attachment":"scroll","background-type":"","background-media":"","overlay-type":"","overlay-color":"","overlay-opacity":"","overlay-gradient":""},"tablet":{"background-color":"","background-image":"","background-repeat":"repeat","background-position":"center center","background-size":"auto","background-attachment":"scroll","background-type":"","background-media":"","overlay-type":"","overlay-color":"","overlay-opacity":"","overlay-gradient":""},"mobile":{"background-color":"","background-image":"","background-repeat":"repeat","background-position":"center center","background-size":"auto","background-attachment":"scroll","background-type":"","background-media":"","overlay-type":"","overlay-color":"","overlay-opacity":"","overlay-gradient":""}},"ast-content-background-meta":{"desktop":{"background-color":"var(--ast-global-color-4)","background-image":"","background-repeat":"repeat","background-position":"center center","background-size":"auto","background-attachment":"scroll","background-type":"","background-media":"","overlay-type":"","overlay-color":"","overlay-opacity":"","overlay-gradient":""},"tablet":{"background-color":"var(--ast-global-color-4)","background-image":"","background-repeat":"repeat","background-position":"center center","background-size":"auto","background-attachment":"scroll","background-type":"","background-media":"","overlay-type":"","overlay-color":"","overlay-opacity":"","overlay-gradient":""},"mobile":{"background-color":"var(--ast-global-color-4)","background-image":"","background-repeat":"repeat","background-position":"center center","background-size":"auto","background-attachment":"scroll","background-type":"","background-media":"","overlay-type":"","overlay-color":"","overlay-opacity":"","overlay-gradient":""}},"footnotes":""},"class_list":["post-8","page","type-page","status-publish","hentry"],"_links":{"self":[{"href":"https:\/\/www.premiospym.net\/index.php\/wp-json\/wp\/v2\/pages\/8","targetHints":{"allow":["GET"]}}],"collection":[{"href":"https:\/\/www.premiospym.net\/index.php\/wp-json\/wp\/v2\/pages"}],"about":[{"href":"https:\/\/www.premiospym.net\/index.php\/wp-json\/wp\/v2\/types\/page"}],"author":[{"embeddable":true,"href":"https:\/\/www.premiospym.net\/index.php\/wp-json\/wp\/v2\/users\/1"}],"replies":[{"embeddable":true,"href":"https:\/\/www.premiospym.net\/index.php\/wp-json\/wp\/v2\/comments?post=8"}],"version-history":[{"count":131,"href":"https:\/\/www.premiospym.net\/index.php\/wp-json\/wp\/v2\/pages\/8\/revisions"}],"predecessor-version":[{"id":2295,"href":"https:\/\/www.premiospym.net\/index.php\/wp-json\/wp\/v2\/pages\/8\/revisions\/2295"}],"wp:attachment":[{"href":"https:\/\/www.premiospym.net\/index.php\/wp-json\/wp\/v2\/media?parent=8"}],"curies":[{"name":"wp","href":"https:\/\/api.w.org\/{rel}","templated":true}]}}